{"id":16848,"date":"2024-02-02T15:36:24","date_gmt":"2024-02-02T14:36:24","guid":{"rendered":"https:\/\/abylight.com\/es\/?page_id=16848"},"modified":"2024-11-12T12:23:30","modified_gmt":"2024-11-12T11:23:30","slug":"sdk-poseidon","status":"publish","type":"page","link":"https:\/\/abylight.com\/es\/sdk-poseidon\/","title":{"rendered":"SDK Poseidon"},"content":{"rendered":"\t\t<div data-elementor-type=\"wp-page\" data-elementor-id=\"16848\" class=\"elementor elementor-16848\" data-elementor-settings=\"[]\">\n\t\t\t\t\t\t\t<div class=\"elementor-section-wrap\">\n\t\t\t\t\t\t\t<section class=\"elementor-section elementor-top-section elementor-element elementor-element-5bfeb71e elementor-section-boxed elementor-section-height-default elementor-section-height-default wd-section-disabled\" data-id=\"5bfeb71e\" data-element_type=\"section\">\n\t\t\t\t\t\t<div class=\"elementor-container elementor-column-gap-default\">\n\t\t\t\t\t<div class=\"elementor-column elementor-col-100 elementor-top-column elementor-element elementor-element-40d2737f\" data-id=\"40d2737f\" data-element_type=\"column\">\n\t\t\t<div class=\"elementor-widget-wrap elementor-element-populated\">\n\t\t\t\t\t\t\t\t<div class=\"elementor-element elementor-element-5fef5810 color-scheme-inherit text-left elementor-widget elementor-widget-text-editor\" data-id=\"5fef5810\" data-element_type=\"widget\" data-widget_type=\"text-editor.default\">\n\t\t\t\t<div class=\"elementor-widget-container\">\n\t\t\t<style>\/*! elementor - v3.5.0 - 12-12-2021 *\/\n.elementor-widget-text-editor.elementor-drop-cap-view-stacked .elementor-drop-cap{background-color:#818a91;color:#fff}.elementor-widget-text-editor.elementor-drop-cap-view-framed .elementor-drop-cap{color:#818a91;border:3px solid;background-color:transparent}.elementor-widget-text-editor:not(.elementor-drop-cap-view-default) .elementor-drop-cap{margin-top:8px}.elementor-widget-text-editor:not(.elementor-drop-cap-view-default) .elementor-drop-cap-letter{width:1em;height:1em}.elementor-widget-text-editor .elementor-drop-cap{float:left;text-align:center;line-height:1;font-size:50px}.elementor-widget-text-editor .elementor-drop-cap-letter{display:inline-block}<\/style>\t\t\t\t<p>Abylight Barcelona est\u00e1 desarrollando un SDK \u2013 nombre en c\u00f3digo \u201cPoseidon\u201d- para la generaci\u00f3n procedimental de entornos y personajes 3D basado en algoritmos iterativos de inteligencia artificial y sincronizaci\u00f3n de datos real-time para nivelaci\u00f3n en caliente de videojuegos. Nuestro objetivo es poder mejorar los procesos productivos y generar videojuegos con mayor potencial comercial al contar con m\u00e1s cantidad de contenido jugable de mayor calidad gr\u00e1fica.<\/p><p>El SDK consta de 4 elementos que usados de forma combinada proporcionan unas ventajas productivas en los procesos de desarrollo de videojuegos:<\/p><p><a href=\"https:\/\/abylight.com\/wp-content\/uploads\/2024\/02\/poseidon.jpg\"><img class=\"aligncenter size-full wp-image-17203\" src=\"https:\/\/abylight.com\/wp-content\/uploads\/2024\/02\/poseidon.jpg\" alt=\"\u25b7\" width=\"512\" height=\"288\" title=\"\u25b7\"><\/a><\/p><p>Los elementos del SDK:<\/p><ul><li aria-level=\"1\">Framework de sincronizaci\u00f3n y nivelaci\u00f3n de datos real-time basado en datos en la nube.<\/li><li aria-level=\"1\">Framework de almacenamiento de anal\u00edticas y su posterior procesado empleando t\u00e9cnicas de big data para la inferencia de valores de nivelaci\u00f3n de datos \u00f3ptimos<\/li><li aria-level=\"1\">Herramienta de generaci\u00f3n procedimental de personajes 3D mediante algoritmos interactivos de inteligencia artificial.<\/li><li aria-level=\"1\">Herramienta de generaci\u00f3n procedimental de entornos 3D mediante t\u00e9cnicas de visi\u00f3n por computador.<\/li><\/ul><p>El empleo del SDK Poseid\u00f3n y las herramientas y frameworks que lo conforman permitir\u00e1 un salto evolutivo en los procesos de desarrollo de futuros videojuegos, lo que esperamos sea una gran ventaja competitiva.<\/p><p>\u00a0<\/p><p>\u00a0<\/p><p>El proyecto contribuye a la estrategia digital de la UE para 2019-2024<\/p><p><a href=\"https:\/\/commission.europa.eu\/strategy-and-policy\/priorities-2019-2024_es\" target=\"_blank\" rel=\"noopener\">https:\/\/commission.europa.eu\/strategy-and-policy\/priorities-2019-2024_es<\/a><\/p>\t\t\t\t\t\t<\/div>\n\t\t\t\t<\/div>\n\t\t\t\t\t<\/div>\n\t\t<\/div>\n\t\t\t\t\t\t\t<\/div>\n\t\t<\/section>\n\t\t\t\t<section class=\"elementor-section elementor-top-section elementor-element elementor-element-0a6f060 elementor-section-boxed elementor-section-height-default elementor-section-height-default wd-section-disabled\" data-id=\"0a6f060\" data-element_type=\"section\">\n\t\t\t\t\t\t<div class=\"elementor-container elementor-column-gap-default\">\n\t\t\t\t\t<div class=\"elementor-column elementor-col-25 elementor-top-column elementor-element elementor-element-3c202e0\" data-id=\"3c202e0\" data-element_type=\"column\">\n\t\t\t<div class=\"elementor-widget-wrap elementor-element-populated\">\n\t\t\t\t\t\t\t\t<div class=\"elementor-element elementor-element-be3a399 elementor-widget elementor-widget-wd_image_or_svg\" data-id=\"be3a399\" data-element_type=\"widget\" data-widget_type=\"wd_image_or_svg.default\">\n\t\t\t\t<div class=\"elementor-widget-container\">\n\t\t\t\n\t\t<div class=\"wd-image text-left\">\n\t\t\t\t\t\t\t\t<img width=\"3841\" height=\"921\" src=\"https:\/\/abylight.com\/es\/wp-content\/uploads\/2024\/02\/EN_Funded_by_the_European_Union_RGB_POS.png\" class=\"attachment-full size-full\" alt=\"\u25b7\" srcset=\"https:\/\/abylight.com\/es\/wp-content\/uploads\/2024\/02\/EN_Funded_by_the_European_Union_RGB_POS.png 3841w, https:\/\/abylight.com\/es\/wp-content\/uploads\/2024\/02\/EN_Funded_by_the_European_Union_RGB_POS-300x72.png 300w, https:\/\/abylight.com\/es\/wp-content\/uploads\/2024\/02\/EN_Funded_by_the_European_Union_RGB_POS-1024x246.png 1024w, https:\/\/abylight.com\/es\/wp-content\/uploads\/2024\/02\/EN_Funded_by_the_European_Union_RGB_POS-768x184.png 768w, https:\/\/abylight.com\/es\/wp-content\/uploads\/2024\/02\/EN_Funded_by_the_European_Union_RGB_POS-1536x368.png 1536w, https:\/\/abylight.com\/es\/wp-content\/uploads\/2024\/02\/EN_Funded_by_the_European_Union_RGB_POS-2048x491.png 2048w\" sizes=\"(max-width: 3841px) 100vw, 3841px\" title=\"\u25b7\">\t\t\t\t\t<\/div>\n\n\t\t\t\t<\/div>\n\t\t\t\t<\/div>\n\t\t\t\t\t<\/div>\n\t\t<\/div>\n\t\t\t\t<div class=\"elementor-column elementor-col-25 elementor-top-column elementor-element elementor-element-1f14620\" data-id=\"1f14620\" data-element_type=\"column\">\n\t\t\t<div class=\"elementor-widget-wrap elementor-element-populated\">\n\t\t\t\t\t\t\t\t<div class=\"elementor-element elementor-element-b9a0350 elementor-widget elementor-widget-wd_image_or_svg\" data-id=\"b9a0350\" data-element_type=\"widget\" data-widget_type=\"wd_image_or_svg.default\">\n\t\t\t\t<div class=\"elementor-widget-container\">\n\t\t\t\n\t\t<div class=\"wd-image text-left\">\n\t\t\t\t\t\t\t\t<img width=\"2560\" height=\"714\" src=\"https:\/\/abylight.com\/es\/wp-content\/uploads\/2024\/11\/MCIU.Gob_-scaled.jpg\" class=\"attachment-full size-full\" alt=\"\u25b7\" srcset=\"https:\/\/abylight.com\/es\/wp-content\/uploads\/2024\/11\/MCIU.Gob_-scaled.jpg 2560w, https:\/\/abylight.com\/es\/wp-content\/uploads\/2024\/11\/MCIU.Gob_-300x84.jpg 300w, https:\/\/abylight.com\/es\/wp-content\/uploads\/2024\/11\/MCIU.Gob_-1024x286.jpg 1024w, https:\/\/abylight.com\/es\/wp-content\/uploads\/2024\/11\/MCIU.Gob_-768x214.jpg 768w, https:\/\/abylight.com\/es\/wp-content\/uploads\/2024\/11\/MCIU.Gob_-1536x429.jpg 1536w, https:\/\/abylight.com\/es\/wp-content\/uploads\/2024\/11\/MCIU.Gob_-2048x572.jpg 2048w\" sizes=\"(max-width: 2560px) 100vw, 2560px\" title=\"\u25b7\">\t\t\t\t\t<\/div>\n\n\t\t\t\t<\/div>\n\t\t\t\t<\/div>\n\t\t\t\t\t<\/div>\n\t\t<\/div>\n\t\t\t\t<div class=\"elementor-column elementor-col-25 elementor-top-column elementor-element elementor-element-37695a4\" data-id=\"37695a4\" data-element_type=\"column\">\n\t\t\t<div class=\"elementor-widget-wrap elementor-element-populated\">\n\t\t\t\t\t\t\t\t<div class=\"elementor-element elementor-element-8f4f2fd elementor-widget elementor-widget-wd_image_or_svg\" data-id=\"8f4f2fd\" data-element_type=\"widget\" data-widget_type=\"wd_image_or_svg.default\">\n\t\t\t\t<div class=\"elementor-widget-container\">\n\t\t\t\n\t\t<div class=\"wd-image text-left\">\n\t\t\t\t\t\t\t\t<img width=\"1920\" height=\"1080\" src=\"https:\/\/abylight.com\/es\/wp-content\/uploads\/2024\/02\/Logo-PRTR-tres-li\u0301neas_COLOR.png\" class=\"attachment-full size-full\" alt=\"\u25b7\" srcset=\"https:\/\/abylight.com\/es\/wp-content\/uploads\/2024\/02\/Logo-PRTR-tres-li\u0301neas_COLOR.png 1920w, https:\/\/abylight.com\/es\/wp-content\/uploads\/2024\/02\/Logo-PRTR-tres-li\u0301neas_COLOR-300x169.png 300w, https:\/\/abylight.com\/es\/wp-content\/uploads\/2024\/02\/Logo-PRTR-tres-li\u0301neas_COLOR-1024x576.png 1024w, https:\/\/abylight.com\/es\/wp-content\/uploads\/2024\/02\/Logo-PRTR-tres-li\u0301neas_COLOR-768x432.png 768w, https:\/\/abylight.com\/es\/wp-content\/uploads\/2024\/02\/Logo-PRTR-tres-li\u0301neas_COLOR-1536x864.png 1536w\" sizes=\"(max-width: 1920px) 100vw, 1920px\" title=\"\u25b7\">\t\t\t\t\t<\/div>\n\n\t\t\t\t<\/div>\n\t\t\t\t<\/div>\n\t\t\t\t\t<\/div>\n\t\t<\/div>\n\t\t\t\t<div class=\"elementor-column elementor-col-25 elementor-top-column elementor-element elementor-element-890af3f\" data-id=\"890af3f\" data-element_type=\"column\">\n\t\t\t<div class=\"elementor-widget-wrap elementor-element-populated\">\n\t\t\t\t\t\t\t\t<div class=\"elementor-element elementor-element-c12991c elementor-widget elementor-widget-wd_image_or_svg\" data-id=\"c12991c\" data-element_type=\"widget\" data-widget_type=\"wd_image_or_svg.default\">\n\t\t\t\t<div class=\"elementor-widget-container\">\n\t\t\t\n\t\t<div class=\"wd-image text-left\">\n\t\t\t\t\t\t\t\t<img width=\"2560\" height=\"472\" src=\"https:\/\/abylight.com\/es\/wp-content\/uploads\/2024\/11\/logo_cdti_2024_con_banderas_soportes_digitales-scaled.jpg\" class=\"attachment-full size-full\" alt=\"\u25b7\" srcset=\"https:\/\/abylight.com\/es\/wp-content\/uploads\/2024\/11\/logo_cdti_2024_con_banderas_soportes_digitales-scaled.jpg 2560w, https:\/\/abylight.com\/es\/wp-content\/uploads\/2024\/11\/logo_cdti_2024_con_banderas_soportes_digitales-300x55.jpg 300w, https:\/\/abylight.com\/es\/wp-content\/uploads\/2024\/11\/logo_cdti_2024_con_banderas_soportes_digitales-1024x189.jpg 1024w, https:\/\/abylight.com\/es\/wp-content\/uploads\/2024\/11\/logo_cdti_2024_con_banderas_soportes_digitales-768x142.jpg 768w, https:\/\/abylight.com\/es\/wp-content\/uploads\/2024\/11\/logo_cdti_2024_con_banderas_soportes_digitales-1536x283.jpg 1536w, https:\/\/abylight.com\/es\/wp-content\/uploads\/2024\/11\/logo_cdti_2024_con_banderas_soportes_digitales-2048x378.jpg 2048w\" sizes=\"(max-width: 2560px) 100vw, 2560px\" title=\"\u25b7\">\t\t\t\t\t<\/div>\n\n\t\t\t\t<\/div>\n\t\t\t\t<\/div>\n\t\t\t\t\t<\/div>\n\t\t<\/div>\n\t\t\t\t\t\t\t<\/div>\n\t\t<\/section>\n\t\t\t\t\t\t<\/div>\n\t\t\t\t\t<\/div>\n\t\t","protected":false},"excerpt":{"rendered":"<p>Abylight Barcelona est\u00e1 desarrollando un SDK \u2013 nombre en c\u00f3digo \u201cPoseidon\u201d- para la generaci\u00f3n procedimental de entornos y personajes 3D<\/p>\n","protected":false},"author":91,"featured_media":41,"parent":0,"menu_order":0,"comment_status":"closed","ping_status":"closed","template":"","meta":[],"_links":{"self":[{"href":"https:\/\/abylight.com\/es\/wp-json\/wp\/v2\/pages\/16848"}],"collection":[{"href":"https:\/\/abylight.com\/es\/wp-json\/wp\/v2\/pages"}],"about":[{"href":"https:\/\/abylight.com\/es\/wp-json\/wp\/v2\/types\/page"}],"author":[{"embeddable":true,"href":"https:\/\/abylight.com\/es\/wp-json\/wp\/v2\/users\/91"}],"replies":[{"embeddable":true,"href":"https:\/\/abylight.com\/es\/wp-json\/wp\/v2\/comments?post=16848"}],"version-history":[{"count":0,"href":"https:\/\/abylight.com\/es\/wp-json\/wp\/v2\/pages\/16848\/revisions"}],"wp:featuredmedia":[{"embeddable":true,"href":"https:\/\/abylight.com\/es\/wp-json\/wp\/v2\/media\/41"}],"wp:attachment":[{"href":"https:\/\/abylight.com\/es\/wp-json\/wp\/v2\/media?parent=16848"}],"curies":[{"name":"wp","href":"https:\/\/api.w.org\/{rel}","templated":true}]}}