{"id":16983,"date":"2026-03-04T12:07:04","date_gmt":"2026-03-04T11:07:04","guid":{"rendered":"https:\/\/abylight.com\/es\/?page_id=16983"},"modified":"2026-03-04T13:52:02","modified_gmt":"2026-03-04T12:52:02","slug":"abylight-buenos-aires","status":"publish","type":"page","link":"https:\/\/abylight.com\/es\/abylight-buenos-aires\/","title":{"rendered":"Abylight Buenos Aires"},"content":{"rendered":"\t\t<div data-elementor-type=\"wp-page\" data-elementor-id=\"16983\" class=\"elementor elementor-16983\" data-elementor-settings=\"[]\">\n\t\t\t\t\t\t\t<div class=\"elementor-section-wrap\">\n\t\t\t\t\t\t\t<section class=\"elementor-section elementor-top-section elementor-element elementor-element-251f2d2 elementor-section-boxed elementor-section-height-default elementor-section-height-default wd-section-disabled\" data-id=\"251f2d2\" data-element_type=\"section\">\n\t\t\t\t\t\t<div class=\"elementor-container elementor-column-gap-default\">\n\t\t\t\t\t<div class=\"elementor-column elementor-col-100 elementor-top-column elementor-element elementor-element-b034e23\" data-id=\"b034e23\" data-element_type=\"column\">\n\t\t\t<div class=\"elementor-widget-wrap elementor-element-populated\">\n\t\t\t\t\t\t\t\t<div class=\"elementor-element elementor-element-016e135 elementor-widget elementor-widget-heading\" data-id=\"016e135\" data-element_type=\"widget\" data-widget_type=\"heading.default\">\n\t\t\t\t<div class=\"elementor-widget-container\">\n\t\t\t<style>\/*! elementor - v3.5.0 - 12-12-2021 *\/\n.elementor-heading-title{padding:0;margin:0;line-height:1}.elementor-widget-heading .elementor-heading-title[class*=elementor-size-]>a{color:inherit;font-size:inherit;line-height:inherit}.elementor-widget-heading .elementor-heading-title.elementor-size-small{font-size:15px}.elementor-widget-heading .elementor-heading-title.elementor-size-medium{font-size:19px}.elementor-widget-heading .elementor-heading-title.elementor-size-large{font-size:29px}.elementor-widget-heading .elementor-heading-title.elementor-size-xl{font-size:39px}.elementor-widget-heading .elementor-heading-title.elementor-size-xxl{font-size:59px}<\/style><h1 class=\"elementor-heading-title elementor-size-default\">Abylight Studios expande su presencia internacional con la apertura de un nuevo estudio en Argentina<\/h1>\t\t<\/div>\n\t\t\t\t<\/div>\n\t\t\t\t\t<\/div>\n\t\t<\/div>\n\t\t\t\t\t\t\t<\/div>\n\t\t<\/section>\n\t\t\t\t<section class=\"elementor-section elementor-top-section elementor-element elementor-element-0215585 elementor-section-boxed elementor-section-height-default elementor-section-height-default wd-section-disabled\" data-id=\"0215585\" data-element_type=\"section\">\n\t\t\t\t\t\t<div class=\"elementor-container elementor-column-gap-default\">\n\t\t\t\t\t<div class=\"elementor-column elementor-col-100 elementor-top-column elementor-element elementor-element-afa803a\" data-id=\"afa803a\" data-element_type=\"column\">\n\t\t\t<div class=\"elementor-widget-wrap elementor-element-populated\">\n\t\t\t\t\t\t\t\t<div class=\"elementor-element elementor-element-b384543 color-scheme-inherit text-left elementor-widget elementor-widget-text-editor\" data-id=\"b384543\" data-element_type=\"widget\" data-widget_type=\"text-editor.default\">\n\t\t\t\t<div class=\"elementor-widget-container\">\n\t\t\t<style>\/*! elementor - v3.5.0 - 12-12-2021 *\/\n.elementor-widget-text-editor.elementor-drop-cap-view-stacked .elementor-drop-cap{background-color:#818a91;color:#fff}.elementor-widget-text-editor.elementor-drop-cap-view-framed .elementor-drop-cap{color:#818a91;border:3px solid;background-color:transparent}.elementor-widget-text-editor:not(.elementor-drop-cap-view-default) .elementor-drop-cap{margin-top:8px}.elementor-widget-text-editor:not(.elementor-drop-cap-view-default) .elementor-drop-cap-letter{width:1em;height:1em}.elementor-widget-text-editor .elementor-drop-cap{float:left;text-align:center;line-height:1;font-size:50px}.elementor-widget-text-editor .elementor-drop-cap-letter{display:inline-block}<\/style>\t\t\t\t<p style=\"text-align: left;\"><b>Barcelona, 3 de marzo de 2026<\/b><span style=\"font-weight: 400;\">. <\/span><b>Abylight Studios<\/b><span style=\"font-weight: 400;\">, el reconocido sello editorial independiente responsable de \u00e9xitos como <\/span><i><span style=\"font-weight: 400;\">Citadelum<\/span><\/i><span style=\"font-weight: 400;\">, <\/span><i><span style=\"font-weight: 400;\">One Military Camp<\/span><\/i><span style=\"font-weight: 400;\"> y las aclamadas versiones <\/span><i><span style=\"font-weight: 400;\">Hyper Light Drifter &#8211; Special Edition<\/span><\/i><span style=\"font-weight: 400;\"> y <\/span><i><span style=\"font-weight: 400;\">SOMA <\/span><\/i><span style=\"font-weight: 400;\">para la consola Nintendo Switch, anuncia hoy la inauguraci\u00f3n de una nueva sede de desarrollo en Argentina: <\/span><b>Abylight Buenos Aires<\/b><span style=\"font-weight: 400;\">.<\/span><\/p><p style=\"text-align: left;\"><span style=\"font-weight: 400;\">Con una organizaci\u00f3n similar al estudio matriz Abylight Barcelona, este nuevo equipo centra su actividad en el desarrollo para <\/span><b>plataformas emergentes<\/b><span style=\"font-weight: 400;\">, diversificando y ampliando el cat\u00e1logo de lanzamientos del sello editorial.\u00a0<\/span><\/p><p style=\"text-align: left;\">\u00a0<\/p><p style=\"text-align: left;\"><span style=\"font-weight: 400;\">Abylight Buenos Aires nace como un estudio joven y din\u00e1mico bajo la coordinaci\u00f3n de <\/span><b>D\u00e9bora Sof\u00eda Theaux Leutgeb<\/b><span style=\"font-weight: 400;\">, desarrolladora, docente y organizadora regional en Argentina de The Global Game Jam, quien liderar\u00e1 proyectos centrados en la innovaci\u00f3n y la calidad t\u00e9cnica para apoyar la estructura global de Abylight.<\/span><\/p><p style=\"text-align: left;\">\u00a0<\/p><p style=\"text-align: left;\"><span style=\"font-weight: 400;\">La formaci\u00f3n de este nuevo estudio es una muestra de la apuesta de futuro en las intenciones de Abylight por el desarrollo en LATAM y por descubrir nuevos talentos alrededor de todo el mundo.\u00a0\u00a0<\/span><\/p><p style=\"text-align: left;\"><b>Eva Ga<\/b><b><i>spar, CEO de Abylight Studios, ha declarado:<\/i><\/b><\/p><p style=\"text-align: left;\"><i><span style=\"font-weight: 400;\">\u201c\u00c9ste es un proyecto que ten\u00edamos en mente desde hace mucho tiempo, pero s\u00f3lo ha podido materializarse una vez que hemos encontrado al equipo id\u00f3neo. Ahora contamos con un estudio joven y profesional que nos permite explorar nuevas v\u00edas de desarrollo en LATAM.<\/span><\/i><span style=\"font-weight: 400;\">\u201d<\/span><\/p><p style=\"text-align: left;\"><span style=\"font-weight: 400;\">Los frutos de esta colaboraci\u00f3n llegar\u00e1n muy pronto: Abylight Buenos Aires lanzar\u00e1 sus <\/span><b>primeros desarrollos durante la primavera de 2026<\/b><span style=\"font-weight: 400;\"> en m\u00faltiples plataformas. Los t\u00edtulos y formatos espec\u00edficos se revelar\u00e1n en las pr\u00f3ximas semanas.<\/span><\/p><p style=\"text-align: left;\"><span style=\"font-weight: 400;\">La integraci\u00f3n de Abylight Buenos Aires refuerza la estructura de la compa\u00f1\u00eda y consolida su apuesta por el desarrollo independiente a escala internacional.\u00a0<\/span><\/p><p style=\"text-align: left;\"><span style=\"font-weight: 400;\">Con m\u00e1s de dos d\u00e9cadas de historia, Abylight Studios se mantiene como una de las empresas m\u00e1s longevas y s\u00f3lidas del sector en Espa\u00f1a, cuyos miembros comenzaron con el desarrollo de juegos para plataformas de 8 y 16 bits, y a\u00fan contin\u00faan en activo. Se trata del primer estudio espa\u00f1ol en colaborar con Nintendo Jap\u00f3n y el primer estudio nacional en lanzar un juego para Switch 2.\u00a0<\/span><\/p><p style=\"text-align: left;\"><span style=\"font-weight: 400;\">El pr\u00f3ximo 5 de marzo, Abylight lanzar\u00e1 Citadelum para PS5 y Xbox Series X\/S. Otros lanzamientos para 2026 incluyen el \u201cbeat \u2018em up\u201d Underling Uprising, Amnesia Rebirth para Nintendo Switch 2 y m\u00e1s t\u00edtulos por anunciar.<\/span><\/p>\t\t\t\t\t\t<\/div>\n\t\t\t\t<\/div>\n\t\t\t\t\t<\/div>\n\t\t<\/div>\n\t\t\t\t\t\t\t<\/div>\n\t\t<\/section>\n\t\t\t\t\t\t<\/div>\n\t\t\t\t\t<\/div>\n\t\t","protected":false},"excerpt":{"rendered":"<p>Abylight Studios expande su presencia internacional con la apertura de un nuevo estudio en Argentina Barcelona, 3 de marzo de<\/p>\n","protected":false},"author":23,"featured_media":41,"parent":0,"menu_order":0,"comment_status":"closed","ping_status":"closed","template":"","meta":[],"_links":{"self":[{"href":"https:\/\/abylight.com\/es\/wp-json\/wp\/v2\/pages\/16983"}],"collection":[{"href":"https:\/\/abylight.com\/es\/wp-json\/wp\/v2\/pages"}],"about":[{"href":"https:\/\/abylight.com\/es\/wp-json\/wp\/v2\/types\/page"}],"author":[{"embeddable":true,"href":"https:\/\/abylight.com\/es\/wp-json\/wp\/v2\/users\/23"}],"replies":[{"embeddable":true,"href":"https:\/\/abylight.com\/es\/wp-json\/wp\/v2\/comments?post=16983"}],"version-history":[{"count":0,"href":"https:\/\/abylight.com\/es\/wp-json\/wp\/v2\/pages\/16983\/revisions"}],"wp:featuredmedia":[{"embeddable":true,"href":"https:\/\/abylight.com\/es\/wp-json\/wp\/v2\/media\/41"}],"wp:attachment":[{"href":"https:\/\/abylight.com\/es\/wp-json\/wp\/v2\/media?parent=16983"}],"curies":[{"name":"wp","href":"https:\/\/api.w.org\/{rel}","templated":true}]}}