{"id":3,"date":"2021-12-14T15:37:36","date_gmt":"2021-12-14T15:37:36","guid":{"rendered":"https:\/\/abylight.com\/es\/?page_id=3"},"modified":"2021-12-23T16:24:01","modified_gmt":"2021-12-23T15:24:01","slug":"privacidad","status":"publish","type":"page","link":"https:\/\/abylight.com\/es\/privacidad\/","title":{"rendered":"Pol\u00edtica de Privacidad"},"content":{"rendered":"<p dir=\"ltr\" style=\"text-align: left;\">La Pol\u00edtica de Privacidad es parte integrante de las Condiciones Generales de la relaci\u00f3n contractual y del uso del servicio web entre ABYLIGHT, S.L.U. (en adelante Abylight) y el socio o cliente. El acceso o navegaci\u00f3n en el Sitio Web, o el uso de los servicios del mismo, implican la aceptaci\u00f3n de las Condiciones Generales y, por tanto, de la Pol\u00edtica de Privacidad y la Pol\u00edtica de Cookies. Por favor, l\u00e9elas atentamente.<\/p>\n<p dir=\"ltr\" style=\"text-align: left;\">En esta Pol\u00edtica de Privacidad te informamos de:<\/p>\n<ul>\n<li dir=\"ltr\">\n<p dir=\"ltr\" style=\"text-align: left;\">\u00bfQui\u00e9n es el responsable del tratamiento de tus datos?<\/p>\n<\/li>\n<li dir=\"ltr\">\n<p dir=\"ltr\" style=\"text-align: left;\">\u00bfCon qu\u00e9 finalidad tratamos tus datos?<\/p>\n<\/li>\n<li dir=\"ltr\">\n<p dir=\"ltr\" style=\"text-align: left;\">\u00bfCu\u00e1nto tiempo almacenamos tus datos?<\/p>\n<\/li>\n<li dir=\"ltr\">\n<p dir=\"ltr\" style=\"text-align: left;\">\u00bfCu\u00e1l es la legitimaci\u00f3n para el tratamiento de tus datos personales?<\/p>\n<\/li>\n<li dir=\"ltr\">\n<p dir=\"ltr\" style=\"text-align: left;\">\u00bfComunicamos tus datos personales a terceros?<\/p>\n<\/li>\n<li dir=\"ltr\">\n<p dir=\"ltr\" style=\"text-align: left;\">\u00bfQu\u00e9 derechos tienes como cliente de Abylight?<\/p>\n<\/li>\n<li dir=\"ltr\">\n<p dir=\"ltr\" style=\"text-align: left;\">\u00bfDe d\u00f3nde hemos obtenido tus datos?<\/p>\n<\/li>\n<\/ul>\n<h2 dir=\"ltr\" style=\"text-align: left;\"><strong>\u00bfQui\u00e9n es el responsable del tratamiento de tus datos?<\/strong><\/h2>\n<p dir=\"ltr\" style=\"text-align: left;\">Todos los datos facilitados por los Usuarios, sean mediante la navegaci\u00f3n por el Sitio Web, el cumplimiento de formularios o la firma del contrato de Socio, ser\u00e1n incorporados a nuestros ficheros y tratados a trav\u00e9s de medios automatizados o no automatizados, siguiendo las normas establecidas por el Reglamento General Europeo de Protecci\u00f3n de Datos (RGPD), as\u00ed como la legislaci\u00f3n espa\u00f1ola y las instrucciones de la Agencia Espa\u00f1ola de Protecci\u00f3n de datos.<\/p>\n<p dir=\"ltr\" style=\"text-align: left;\">Los datos del Responsable del Tratamiento son los siguientes:<\/p>\n<p dir=\"ltr\" style=\"text-align: left;\">Responsable del tratamiento: ABYLIGHT S.L.U. &#8211; CIF: B63515530. Calle Industria 365, Local 1. 08027 Barcelona. Delegado de Protecci\u00f3n de Datos: ABYLIGHT S.L.U. Contacto DPO: <a>support@abylight.com<\/a><\/p>\n<h2 dir=\"ltr\" style=\"text-align: left;\"><strong>\u00bfCon qu\u00e9 finalidad tratamos tus datos?<\/strong><\/h2>\n<p dir=\"ltr\" style=\"text-align: left;\">Tratamos los datos necesarios para gestionar y optimizar nuestros servicios y relaciones comerciales de cara a nuestros socios y clientes. Adem\u00e1s, tambi\u00e9n usamos esta informaci\u00f3n para enviar publicidad de inter\u00e9s a los usuarios, relacionada con nuestros productos, novedades, ofertas y promociones.<\/p>\n<p dir=\"ltr\" style=\"text-align: left;\">Los datos se recogen con las siguientes finalidades:<\/p>\n<ul>\n<li dir=\"ltr\">\n<p dir=\"ltr\" style=\"text-align: left;\">Gestionar el registro en la P\u00e1gina Web.<\/p>\n<\/li>\n<li dir=\"ltr\">\n<p dir=\"ltr\" style=\"text-align: left;\">Gestionar y tramitar las relaciones comerciales efectuadas por los clientes.<\/p>\n<\/li>\n<li dir=\"ltr\">\n<p dir=\"ltr\" style=\"text-align: left;\">Realizar el env\u00edo de comunicaciones comerciales (bolet\u00edn de noticias).<\/p>\n<\/li>\n<li dir=\"ltr\">\n<p dir=\"ltr\" style=\"text-align: left;\">Responder a las solicitudes de informaci\u00f3n que nos env\u00eden nuestros clientes.<\/p>\n<\/li>\n<li dir=\"ltr\">\n<p dir=\"ltr\" style=\"text-align: left;\">Cumplir obligaciones legales.<\/p>\n<\/li>\n<li dir=\"ltr\">\n<p dir=\"ltr\" style=\"text-align: left;\">Realizar an\u00e1lisis estad\u00edsticos.<\/p>\n<\/li>\n<\/ul>\n<p dir=\"ltr\" style=\"text-align: left;\">Con el fin de poder ofrecer productos y servicios de acuerdo con sus intereses, elaboramos perfiles comerciales en base a la informaci\u00f3n facilitada y las compras realizadas por nuestros clientes. No se tomar\u00e1n decisiones automatizadas en base a dicho perfil.<\/p>\n<p dir=\"ltr\" style=\"text-align: left;\">A efectos informativos, el \u201cBolet\u00edn de noticias\u201d puede incluir informaci\u00f3n sobre novedades, ofertas, promociones, productos relaciones y\/o cualquier otro tipo de informaci\u00f3n comercial que pudiera ser de inter\u00e9s para el cliente.<\/p>\n<p dir=\"ltr\" style=\"text-align: left;\">En cualquier caso, el usuario podr\u00e1 darse de baja en cualquier momento, de manera f\u00e1cil y gratuita a trav\u00e9s del link proporcionado en los correos, la casilla de publicidad de la Zona de Socios, o bien mediante comunicaci\u00f3n directa a la siguiente direcci\u00f3n de correo electr\u00f3nico: support arroba abylight punto com<\/p>\n<p dir=\"ltr\" style=\"text-align: left;\">Si, en su caso, quiere dejar de recibir notificaciones push a trav\u00e9s de nuestra App, puede configurar esta opci\u00f3n en la secci\u00f3n de Ajustes de Privacidad de su tel\u00e9fono m\u00f3vil.<\/p>\n<h2 dir=\"ltr\" style=\"text-align: left;\"><strong>\u00bfCu\u00e1nto tiempo almacenamos tus datos?<\/strong><\/h2>\n<p dir=\"ltr\" style=\"text-align: left;\">Los datos de car\u00e1cter personal proporcionados por nuestros socios y clientes, ser\u00e1n conservados \u00fanicamente durante el tiempo necesario para la realizaci\u00f3n de las finalidades para la que fueron recogidos, siempre que se mantenga la relaci\u00f3n comercial o contractual.<\/p>\n<p dir=\"ltr\" style=\"text-align: left;\">Todos nuestros clientes podr\u00e1n solicitar la supresi\u00f3n de sus datos de nuestros ficheros, conserv\u00e1ndose los datos \u00fanicamente para atender posibles responsabilidades legales y por el plazo m\u00ednimo legalmente establecido.<\/p>\n<p dir=\"ltr\" style=\"text-align: left;\">En el caso de los datos facilitados para la inscripci\u00f3n a las ofertas de empleo publicadas, ser\u00e1n conservados durante el plazo de un a\u00f1o desde la fecha de la \u00faltima actualizaci\u00f3n. Transcurrido dicho periodo sin que hayan sido actualizados, los datos ser\u00e1n suprimidos, salvo indicaci\u00f3n contraria del usuario.<\/p>\n<h2 dir=\"ltr\" style=\"text-align: left;\"><strong>\u00bfCu\u00e1l es la legitimaci\u00f3n para el tratamiento de tus datos?<\/strong><\/h2>\n<p dir=\"ltr\" style=\"text-align: left;\">La base legal para el tratamiento de los datos de socios y clientes por parte de Abylight reside en el consentimiento expreso del interesado prestado al inicio de la relaci\u00f3n contractual y\/o comercial y, seg\u00fan los t\u00e9rminos y condiciones que figuran en el contrato y en nuestra p\u00e1gina web.<\/p>\n<p dir=\"ltr\" style=\"text-align: left;\">La gesti\u00f3n de la contrataci\u00f3n de productos o servicios, pago, facturaci\u00f3n, garant\u00edas y env\u00edos correspondientes, est\u00e1 legitimada por la propia ejecuci\u00f3n del contrato.<\/p>\n<p dir=\"ltr\" style=\"text-align: left;\">La oferta de productos y servicios a trav\u00e9s de medios electr\u00f3nicos est\u00e1 basada, en su caso, en el consentimiento expreso proporcionado por el socio o cliente, o mediante el inter\u00e9s leg\u00edtimo derivado de la relaci\u00f3n comercial. En ning\u00fan caso la retirada de este consentimiento condicionar\u00e1 la ejecuci\u00f3n del contrato o la relaci\u00f3n comercial con los clientes.<\/p>\n<p dir=\"ltr\" style=\"text-align: left;\">Los menores de diecis\u00e9is a\u00f1os deber\u00e1n contar con el consentimiento de sus padres o tutores legales para el tratamiento de sus datos personales.<\/p>\n<p dir=\"ltr\" style=\"text-align: left;\">Adicionalmente, la legitimaci\u00f3n para el tratamiento de sus datos en relaci\u00f3n con la remisi\u00f3n de CVs e inscripciones en ofertas profesionales que podamos publicar, se basa en el consentimiento del usuario que remite los datos, pudiendo retirarlo en cualquier momento. La retirada del consentimiento no afectar\u00e1 a la licitud de los tratamientos efectuados con anterioridad en los procesos de selecci\u00f3n.<\/p>\n<h2 dir=\"ltr\" style=\"text-align: left;\"><strong>\u00bfComunicamos tus datos personales a terceros?<\/strong><\/h2>\n<p dir=\"ltr\" style=\"text-align: left;\">Los datos personales de nuestros socios y clientes no ser\u00e1n comunicados a terceras personas o empresas ajenas a Abylight.<\/p>\n<p dir=\"ltr\" style=\"text-align: left;\">Si fuera necesario ceder estos datos a terceros para la prestaci\u00f3n de un servicio espec\u00edfico, el usuario ser\u00e1 informado adecuadamente y se le requerir\u00e1 para aportar de nuevo el consentimiento autorizando dicha cesi\u00f3n.<\/p>\n<p dir=\"ltr\" style=\"text-align: left;\">Si dicho consentimiento fuera necesario para la prestaci\u00f3n del servicio espec\u00edfico, podr\u00e1 negarse al usuario la contrataci\u00f3n del mismo si \u00e9ste no aceptase las condiciones.<\/p>\n<h2 dir=\"ltr\" style=\"text-align: left;\"><strong>\u00bfQu\u00e9 derechos tienes como cliente de Abylight?<\/strong><\/h2>\n<p dir=\"ltr\" style=\"text-align: left;\">Con la nueva regulaci\u00f3n, se han ampliado los derechos de los usuarios. Adem\u00e1s de los ya existentes, se a\u00f1aden nuevos derechos como la limitaci\u00f3n del tratamiento y la portabilidad de los datos.<\/p>\n<p dir=\"ltr\" style=\"text-align: left;\">Cualquier persona podr\u00e1 ejercitar el derecho de acceso a sus datos personales, el derecho de rectificaci\u00f3n para modificar aquellos datos desactualizados o inexactos y, en su caso, el derecho de cancelaci\u00f3n cuando los datos ya no sean necesarios para la relaci\u00f3n comercial o el usuario quiera dar de baja la relaci\u00f3n contractual.<\/p>\n<p dir=\"ltr\" style=\"text-align: left;\">En el caso del derecho de cancelaci\u00f3n, oposici\u00f3n o limitaci\u00f3n del tratamiento, los datos de nuestros clientes s\u00f3lo ser\u00e1n conservados para poder atender reclamaciones judiciales.<\/p>\n<p dir=\"ltr\" style=\"text-align: left;\">El usuario puede ejercer sus derechos en los t\u00e9rminos establecidos en la legislaci\u00f3n vigente. A tal efecto puede remitir escrito a Abylight, S.L.U. a la direcci\u00f3n antes indicada, con la indicaci\u00f3n en el sobre \u201cProtecci\u00f3n datos\u201d o con el mismo asunto a la direcci\u00f3n de correo electr\u00f3nico support arroba abylight punto com.<\/p>\n<p dir=\"ltr\" style=\"text-align: left;\">Para el ejercicio del derecho de cancelaci\u00f3n, el usuario deber\u00e1 enviar mensaje electr\u00f3nico con el asunto \u00abBaja Servicio\u00bb junto a una fotocopia de su DNI, a la direcci\u00f3n support arroba abylight punto com.<\/p>\n<h2 dir=\"ltr\" style=\"text-align: left;\"><strong>\u00bfDe d\u00f3nde hemos obtenido tus datos?<\/strong><\/h2>\n<p dir=\"ltr\" style=\"text-align: left;\">Los datos personales que tratamos los hemos obtenido directamente de la persona quien los ha suministrado voluntariamente, tras establecer relaciones comerciales y\/o contractuales con nuestra empresa.<\/p>\n<p dir=\"ltr\" style=\"text-align: left;\">El Usuario responder\u00e1, en cualquier caso, de la veracidad de los datos facilitados, reserv\u00e1ndose Abylight el derecho a excluir de los servicios registrados a todo Usuario que haya facilitado datos falsos, as\u00ed como por el resto de circunstancias recogidas al respecto en el presente aviso legal, sin perjuicio de las dem\u00e1s acciones que procedan en Derecho.<\/p>\n","protected":false},"excerpt":{"rendered":"<p>La Pol\u00edtica de Privacidad es parte integrante de las Condiciones Generales de la relaci\u00f3n contractual y del uso del servicio<\/p>\n","protected":false},"author":23,"featured_media":41,"parent":0,"menu_order":0,"comment_status":"closed","ping_status":"closed","template":"","meta":[],"_links":{"self":[{"href":"https:\/\/abylight.com\/es\/wp-json\/wp\/v2\/pages\/3"}],"collection":[{"href":"https:\/\/abylight.com\/es\/wp-json\/wp\/v2\/pages"}],"about":[{"href":"https:\/\/abylight.com\/es\/wp-json\/wp\/v2\/types\/page"}],"author":[{"embeddable":true,"href":"https:\/\/abylight.com\/es\/wp-json\/wp\/v2\/users\/23"}],"replies":[{"embeddable":true,"href":"https:\/\/abylight.com\/es\/wp-json\/wp\/v2\/comments?post=3"}],"version-history":[{"count":0,"href":"https:\/\/abylight.com\/es\/wp-json\/wp\/v2\/pages\/3\/revisions"}],"wp:featuredmedia":[{"embeddable":true,"href":"https:\/\/abylight.com\/es\/wp-json\/wp\/v2\/media\/41"}],"wp:attachment":[{"href":"https:\/\/abylight.com\/es\/wp-json\/wp\/v2\/media?parent=3"}],"curies":[{"name":"wp","href":"https:\/\/api.w.org\/{rel}","templated":true}]}}