{"id":80,"date":"2021-12-23T10:54:19","date_gmt":"2021-12-23T09:54:19","guid":{"rendered":"https:\/\/abylight.com\/es\/?page_id=80"},"modified":"2021-12-27T17:28:22","modified_gmt":"2021-12-27T16:28:22","slug":"engine","status":"publish","type":"page","link":"https:\/\/abylight.com\/es\/engine\/","title":{"rendered":"Engine"},"content":{"rendered":"\t\t<div data-elementor-type=\"wp-page\" data-elementor-id=\"80\" class=\"elementor elementor-80\" data-elementor-settings=\"[]\">\n\t\t\t\t\t\t\t<div class=\"elementor-section-wrap\">\n\t\t\t\t\t\t\t<section class=\"elementor-section elementor-top-section elementor-element elementor-element-3d1074f elementor-section-height-min-height elementor-section-content-middle elementor-section-stretched elementor-section-boxed elementor-section-height-default elementor-section-items-middle wd-section-disabled\" data-id=\"3d1074f\" data-element_type=\"section\" data-settings=\"{&quot;stretch_section&quot;:&quot;section-stretched&quot;,&quot;background_background&quot;:&quot;classic&quot;}\">\n\t\t\t\t\t\t<div class=\"elementor-container elementor-column-gap-default\">\n\t\t\t\t\t<div class=\"elementor-column elementor-col-100 elementor-top-column elementor-element elementor-element-e31cb44\" data-id=\"e31cb44\" data-element_type=\"column\">\n\t\t\t<div class=\"elementor-widget-wrap elementor-element-populated\">\n\t\t\t\t\t\t\t\t<div class=\"elementor-element elementor-element-2fa7dde elementor-widget elementor-widget-wd_title\" data-id=\"2fa7dde\" data-element_type=\"widget\" data-widget_type=\"wd_title.default\">\n\t\t\t\t<div class=\"elementor-widget-container\">\n\t\t\t\t\t\t<link rel=\"stylesheet\" id=\"wd-section-title-css\" href=\"https:\/\/abylight.com\/es\/wp-content\/themes\/woodmart\/css\/parts\/el-section-title.min.css?ver=6.2.4\" type=\"text\/css\" media=\"all\" \/> \t\t\t\t\t<div class=\"title-wrapper set-mb-s reset-last-child wd-title-color-white wd-title-style-default wd-title-size-default text-center\">\n\n\t\t\t\n\t\t\t<div class=\"liner-continer\">\n\t\t\t\t<h1 class=\"woodmart-title-container title wd-fontsize-l\">Engine<\/h1> \n\t\t\t\t\t\t\t<\/div>\n\n\t\t\t\t\t<\/div>\n\t\t\t\t<\/div>\n\t\t\t\t<\/div>\n\t\t\t\t\t<\/div>\n\t\t<\/div>\n\t\t\t\t\t\t\t<\/div>\n\t\t<\/section>\n\t\t\t\t<section class=\"elementor-section elementor-top-section elementor-element elementor-element-85127ff elementor-section-content-middle elementor-section-boxed elementor-section-height-default elementor-section-height-default wd-section-disabled\" data-id=\"85127ff\" data-element_type=\"section\">\n\t\t\t\t\t\t<div class=\"elementor-container elementor-column-gap-default\">\n\t\t\t\t\t<div class=\"elementor-column elementor-col-100 elementor-top-column elementor-element elementor-element-a178a6e\" data-id=\"a178a6e\" data-element_type=\"column\">\n\t\t\t<div class=\"elementor-widget-wrap elementor-element-populated\">\n\t\t\t\t\t\t\t\t<div class=\"elementor-element elementor-element-e967f19 color-scheme-inherit text-left elementor-widget elementor-widget-text-editor\" data-id=\"e967f19\" data-element_type=\"widget\" data-widget_type=\"text-editor.default\">\n\t\t\t\t<div class=\"elementor-widget-container\">\n\t\t\t<style>\/*! elementor - v3.5.0 - 12-12-2021 *\/\n.elementor-widget-text-editor.elementor-drop-cap-view-stacked .elementor-drop-cap{background-color:#818a91;color:#fff}.elementor-widget-text-editor.elementor-drop-cap-view-framed .elementor-drop-cap{color:#818a91;border:3px solid;background-color:transparent}.elementor-widget-text-editor:not(.elementor-drop-cap-view-default) .elementor-drop-cap{margin-top:8px}.elementor-widget-text-editor:not(.elementor-drop-cap-view-default) .elementor-drop-cap-letter{width:1em;height:1em}.elementor-widget-text-editor .elementor-drop-cap{float:left;text-align:center;line-height:1;font-size:50px}.elementor-widget-text-editor .elementor-drop-cap-letter{display:inline-block}<\/style>\t\t\t\t<h2 style=\"text-align: left;\"><span style=\"color: #3a93d4;\">VEGA 3D Engine<\/span><\/h2>\n<img class=\"aligncenter wp-image-107 size-full\" title=\"VEGA 3D Engine en Abylight Barcelona\" src=\"https:\/\/abylight.com\/es\/wp-content\/uploads\/2021\/12\/vega-3d-engine-abylight-barcelona.png\" alt=\"VEGA 3D Engine en Abylight Barcelona\" width=\"2273\" height=\"350\" srcset=\"https:\/\/abylight.com\/es\/wp-content\/uploads\/2021\/12\/vega-3d-engine-abylight-barcelona.png 2273w, https:\/\/abylight.com\/es\/wp-content\/uploads\/2021\/12\/vega-3d-engine-abylight-barcelona-300x46.png 300w, https:\/\/abylight.com\/es\/wp-content\/uploads\/2021\/12\/vega-3d-engine-abylight-barcelona-1024x158.png 1024w, https:\/\/abylight.com\/es\/wp-content\/uploads\/2021\/12\/vega-3d-engine-abylight-barcelona-768x118.png 768w, https:\/\/abylight.com\/es\/wp-content\/uploads\/2021\/12\/vega-3d-engine-abylight-barcelona-1536x237.png 1536w, https:\/\/abylight.com\/es\/wp-content\/uploads\/2021\/12\/vega-3d-engine-abylight-barcelona-2048x315.png 2048w\" sizes=\"(max-width: 2273px) 100vw, 2273px\" \/>\n<h3 style=\"text-align: left;\"><span style=\"color: #3a93d4;\">Nuestra propia tecnolog\u00eda: VEGA 3D Engine<\/span><\/h3>\n<p style=\"text-align: left;\"><strong>VEGA 3D Engine<\/strong> incluye los m\u00f3dulos y las herramientas necesarias para crear juegos y otro tipo de aplicaciones interactivas que funcionan sobre m\u00faltiples plataformas. Est\u00e1 dise\u00f1ado como un motor de programadores, para programadores.<\/p>\n<p style=\"text-align: left;\">El objetivo principal es construir un sistema basado en est\u00e1ndares, modular, flexible y optimizado para cada plataforma de explotaci\u00f3n. Tiene varias capas de abstracci\u00f3n y expone cada parte de forma transparente, de forma que todo puede ser cambiado, re-escrito o adaptado a cada necesidad espec\u00edfica.<\/p>\n<img class=\"aligncenter wp-image-106 size-full\" title=\"VEGA 3D Engine tecnolog\u00eda propia en Abylight Barcelona\" src=\"https:\/\/abylight.com\/es\/wp-content\/uploads\/2021\/12\/tecnologia-vega-3d-engine-abylight-barcelona.png\" alt=\"VEGA 3D Engine tecnolog\u00eda propia en Abylight Barcelona\" width=\"570\" height=\"355\" srcset=\"https:\/\/abylight.com\/es\/wp-content\/uploads\/2021\/12\/tecnologia-vega-3d-engine-abylight-barcelona.png 570w, https:\/\/abylight.com\/es\/wp-content\/uploads\/2021\/12\/tecnologia-vega-3d-engine-abylight-barcelona-300x187.png 300w\" sizes=\"(max-width: 570px) 100vw, 570px\" \/>\n<h3 style=\"text-align: left;\"><span style=\"color: #3a93d4;\">Lenguaje C++<\/span><\/h3>\n<p style=\"text-align: left;\">Est\u00e1 escrito en C++ y dividido en m\u00f3dulos que pueden funcionar juntos o de forma aislada. Esta caracter\u00edstica permite usar los m\u00f3dulos y herramientas adaptados a un proyecto espec\u00edfico, y se pueden desarrollar nuevas partes que se comunican con las ya existentes.<\/p>\n<p style=\"text-align: left;\">El motor cubre todo el flujo de trabajo, con editores visuales para definir las propiedades de los objetos y crear mapas de nivel.<\/p>\n<p style=\"text-align: left;\">El c\u00f3digo fuente est\u00e1 basado en est\u00e1ndares abiertos, y concebido de forma modular.<\/p>\n<img class=\"aligncenter wp-image-104 size-full\" title=\"Lenguaje C++ de VEGA 3D Engine en Abylight Barcelona\" src=\"https:\/\/abylight.com\/es\/wp-content\/uploads\/2021\/12\/lenguaje-c-vega-3d-engine-abylight-barcelona.png\" alt=\"Lenguaje C++ de VEGA 3D Engine en Abylight Barcelona\" width=\"387\" height=\"400\" srcset=\"https:\/\/abylight.com\/es\/wp-content\/uploads\/2021\/12\/lenguaje-c-vega-3d-engine-abylight-barcelona.png 387w, https:\/\/abylight.com\/es\/wp-content\/uploads\/2021\/12\/lenguaje-c-vega-3d-engine-abylight-barcelona-290x300.png 290w\" sizes=\"(max-width: 387px) 100vw, 387px\" \/>\n<h3 style=\"text-align: left;\"><span style=\"color: #3a93d4;\">Aut\u00e9nticamente multi-plataforma<\/span><\/h3>\n<p style=\"text-align: left;\">Todas las herramientas y m\u00f3dulos del motor usan el sistema de compilaci\u00f3n est\u00e1ndar de GNU. Esto hace posible realizar compilaciones cruzadas desde cualquier host a cualquier target. Tambi\u00e9n dispone de una capa de emulaci\u00f3n del est\u00e1ndar POSIX para sistemas que no lo soportan.<\/p>\n<p style=\"text-align: left;\">El motor se compila espec\u00edficamente junto con el juego o la aplicaci\u00f3n desde la arquitectura host, y de forma cruzada para la arquitectura target. Esto permite el uso de servidores cl\u00faster con \u00abcompilaci\u00f3n canadiense\u00bb.<\/p>\n<img class=\"aligncenter wp-image-108 size-full\" title=\"VEGA 3D Engine multiplataforma en Abylight Barcelona\" src=\"https:\/\/abylight.com\/es\/wp-content\/uploads\/2021\/12\/vega-3d-engine-multiplataforma-abylight-barcelona.png\" alt=\"VEGA 3D Engine multiplataforma en Abylight Barcelona\" width=\"326\" height=\"400\" srcset=\"https:\/\/abylight.com\/es\/wp-content\/uploads\/2021\/12\/vega-3d-engine-multiplataforma-abylight-barcelona.png 326w, https:\/\/abylight.com\/es\/wp-content\/uploads\/2021\/12\/vega-3d-engine-multiplataforma-abylight-barcelona-245x300.png 245w\" sizes=\"(max-width: 326px) 100vw, 326px\" \/>\n<h3 style=\"text-align: left;\"><span style=\"color: #3a93d4;\">Pr\u00e9stamo otorgado por el Ministerio de Industria<\/span><\/h3>\n<p style=\"text-align: left;\">Este proyecto ha sido co-financiado por el Ministerio de Industria, Energ\u00eda y Turismo, dentro del Plan Nacional de Investigaci\u00f3n Cient\u00edfica, desarrollo e Innovaci\u00f3n Tecnol\u00f3gica 2013-2016, n\u00famero de referencia del proyecto: TSI-100600-2013-243.<\/p>\n<img class=\"aligncenter wp-image-105 size-full\" title=\"Ministerio de Industria - Gobierno de Espa\u00f1a en Abylight Barcelona\" src=\"https:\/\/abylight.com\/es\/wp-content\/uploads\/2021\/12\/ministerio-industria-abylight-barcelona.png\" alt=\"Ministerio de Industria - Gobierno de Espa\u00f1a en Abylight Barcelona\" width=\"285\" height=\"84\" \/>\n<p style=\"text-align: center; font-size: 14px; margin-top: -20px;\">Ministerio de Industria &#8211; Gobierno de Espa\u00f1a<\/p>\t\t\t\t\t\t<\/div>\n\t\t\t\t<\/div>\n\t\t\t\t\t<\/div>\n\t\t<\/div>\n\t\t\t\t\t\t\t<\/div>\n\t\t<\/section>\n\t\t\t\t\t\t<\/div>\n\t\t\t\t\t<\/div>\n\t\t","protected":false},"excerpt":{"rendered":"<p>Engine VEGA 3D Engine Nuestra propia tecnolog\u00eda: VEGA 3D Engine VEGA 3D Engine incluye los m\u00f3dulos y las herramientas necesarias<\/p>\n","protected":false},"author":23,"featured_media":41,"parent":0,"menu_order":0,"comment_status":"closed","ping_status":"closed","template":"","meta":[],"_links":{"self":[{"href":"https:\/\/abylight.com\/es\/wp-json\/wp\/v2\/pages\/80"}],"collection":[{"href":"https:\/\/abylight.com\/es\/wp-json\/wp\/v2\/pages"}],"about":[{"href":"https:\/\/abylight.com\/es\/wp-json\/wp\/v2\/types\/page"}],"author":[{"embeddable":true,"href":"https:\/\/abylight.com\/es\/wp-json\/wp\/v2\/users\/23"}],"replies":[{"embeddable":true,"href":"https:\/\/abylight.com\/es\/wp-json\/wp\/v2\/comments?post=80"}],"version-history":[{"count":0,"href":"https:\/\/abylight.com\/es\/wp-json\/wp\/v2\/pages\/80\/revisions"}],"wp:featuredmedia":[{"embeddable":true,"href":"https:\/\/abylight.com\/es\/wp-json\/wp\/v2\/media\/41"}],"wp:attachment":[{"href":"https:\/\/abylight.com\/es\/wp-json\/wp\/v2\/media?parent=80"}],"curies":[{"name":"wp","href":"https:\/\/api.w.org\/{rel}","templated":true}]}}