{"id":81,"date":"2021-12-23T10:55:01","date_gmt":"2021-12-23T09:55:01","guid":{"rendered":"https:\/\/abylight.com\/es\/?page_id=81"},"modified":"2021-12-27T13:00:14","modified_gmt":"2021-12-27T12:00:14","slug":"politica-video","status":"publish","type":"page","link":"https:\/\/abylight.com\/es\/politica-video\/","title":{"rendered":"Pol\u00edtica de V\u00eddeo"},"content":{"rendered":"\t\t<div data-elementor-type=\"wp-page\" data-elementor-id=\"81\" class=\"elementor elementor-81\" data-elementor-settings=\"[]\">\n\t\t\t\t\t\t\t<div class=\"elementor-section-wrap\">\n\t\t\t\t\t\t\t<section class=\"elementor-section elementor-top-section elementor-element elementor-element-f66edf2 elementor-section-height-min-height elementor-section-content-middle elementor-section-stretched elementor-section-boxed elementor-section-height-default elementor-section-items-middle wd-section-disabled\" data-id=\"f66edf2\" data-element_type=\"section\" data-settings=\"{&quot;stretch_section&quot;:&quot;section-stretched&quot;,&quot;background_background&quot;:&quot;classic&quot;}\">\n\t\t\t\t\t\t<div class=\"elementor-container elementor-column-gap-default\">\n\t\t\t\t\t<div class=\"elementor-column elementor-col-100 elementor-top-column elementor-element elementor-element-ceea199\" data-id=\"ceea199\" data-element_type=\"column\">\n\t\t\t<div class=\"elementor-widget-wrap elementor-element-populated\">\n\t\t\t\t\t\t\t\t<div class=\"elementor-element elementor-element-33f67e1 elementor-widget elementor-widget-wd_title\" data-id=\"33f67e1\" data-element_type=\"widget\" data-widget_type=\"wd_title.default\">\n\t\t\t\t<div class=\"elementor-widget-container\">\n\t\t\t\t\t\t<link rel=\"stylesheet\" id=\"wd-section-title-css\" href=\"https:\/\/abylight.com\/es\/wp-content\/themes\/woodmart\/css\/parts\/el-section-title.min.css?ver=6.2.4\" type=\"text\/css\" media=\"all\" \/> \t\t\t\t\t<div class=\"title-wrapper set-mb-s reset-last-child wd-title-color-white wd-title-style-default wd-title-size-default text-center\">\n\n\t\t\t\n\t\t\t<div class=\"liner-continer\">\n\t\t\t\t<h1 class=\"woodmart-title-container title wd-fontsize-l\">Pol\u00edtica de V\u00eddeo<\/h1> \n\t\t\t\t\t\t\t<\/div>\n\n\t\t\t\t\t<\/div>\n\t\t\t\t<\/div>\n\t\t\t\t<\/div>\n\t\t\t\t\t<\/div>\n\t\t<\/div>\n\t\t\t\t\t\t\t<\/div>\n\t\t<\/section>\n\t\t\t\t<section class=\"elementor-section elementor-top-section elementor-element elementor-element-9ad0043 elementor-section-content-middle elementor-section-boxed elementor-section-height-default elementor-section-height-default wd-section-disabled\" data-id=\"9ad0043\" data-element_type=\"section\">\n\t\t\t\t\t\t<div class=\"elementor-container elementor-column-gap-default\">\n\t\t\t\t\t<div class=\"elementor-column elementor-col-100 elementor-top-column elementor-element elementor-element-21a1f53\" data-id=\"21a1f53\" data-element_type=\"column\">\n\t\t\t<div class=\"elementor-widget-wrap elementor-element-populated\">\n\t\t\t\t\t\t\t\t<div class=\"elementor-element elementor-element-e8788ca color-scheme-inherit text-left elementor-widget elementor-widget-text-editor\" data-id=\"e8788ca\" data-element_type=\"widget\" data-widget_type=\"text-editor.default\">\n\t\t\t\t<div class=\"elementor-widget-container\">\n\t\t\t<style>\/*! elementor - v3.5.0 - 12-12-2021 *\/\n.elementor-widget-text-editor.elementor-drop-cap-view-stacked .elementor-drop-cap{background-color:#818a91;color:#fff}.elementor-widget-text-editor.elementor-drop-cap-view-framed .elementor-drop-cap{color:#818a91;border:3px solid;background-color:transparent}.elementor-widget-text-editor:not(.elementor-drop-cap-view-default) .elementor-drop-cap{margin-top:8px}.elementor-widget-text-editor:not(.elementor-drop-cap-view-default) .elementor-drop-cap-letter{width:1em;height:1em}.elementor-widget-text-editor .elementor-drop-cap{float:left;text-align:center;line-height:1;font-size:50px}.elementor-widget-text-editor .elementor-drop-cap-letter{display:inline-block}<\/style>\t\t\t\t<p style=\"text-align: left;\">Animamos a todos (creadores de contenido, jugadores y otras personas de la comunidad) a que creen video utilizando el contenido de los juegos de Abylight, como son partidas, tutoriales o simplemente puro entretenimiento. Nos parece bien que publiques estos videos en tu web o YouTube, TikTok o red de servicios de compartir videos similares, incluso si monetizas este contenido a trav\u00e9s del programa de afiliados o similar.<\/p>\t\t\t\t\t\t<\/div>\n\t\t\t\t<\/div>\n\t\t\t\t\t<\/div>\n\t\t<\/div>\n\t\t\t\t\t\t\t<\/div>\n\t\t<\/section>\n\t\t\t\t<section class=\"elementor-section elementor-top-section elementor-element elementor-element-5b44e3b elementor-section-content-middle elementor-section-boxed elementor-section-height-default elementor-section-height-default wd-section-disabled\" data-id=\"5b44e3b\" data-element_type=\"section\">\n\t\t\t\t\t\t<div class=\"elementor-container elementor-column-gap-default\">\n\t\t\t\t\t<div class=\"elementor-column elementor-col-100 elementor-top-column elementor-element elementor-element-44125ee\" data-id=\"44125ee\" data-element_type=\"column\" data-settings=\"{&quot;background_background&quot;:&quot;classic&quot;}\">\n\t\t\t<div class=\"elementor-widget-wrap elementor-element-populated\">\n\t\t\t\t\t\t\t\t<div class=\"elementor-element elementor-element-38430a4 color-scheme-inherit text-left elementor-widget elementor-widget-text-editor\" data-id=\"38430a4\" data-element_type=\"widget\" data-widget_type=\"text-editor.default\">\n\t\t\t\t<div class=\"elementor-widget-container\">\n\t\t\t\t\t\t\t<p style=\"text-align: left;\"><strong>Sin Embargo,<\/strong><\/p>\t\t\t\t\t\t<\/div>\n\t\t\t\t<\/div>\n\t\t\t\t<div class=\"elementor-element elementor-element-de61ff4 color-scheme-inherit text-left elementor-widget elementor-widget-text-editor\" data-id=\"de61ff4\" data-element_type=\"widget\" data-widget_type=\"text-editor.default\">\n\t\t\t\t<div class=\"elementor-widget-container\">\n\t\t\t\t\t\t\t<ul><li style=\"text-align: left;\">No estamos de acuerdo en que tomes partes de nuestro\/s juego\/s (por ejemplo, m\u00fasica, items, arte&#8230;) y la distribuyas por separado.<\/li><li style=\"text-align: left;\">\u00a0No estamos de acuerdo en que publiques contenido ANTES del lanzamiento oficial de nuestros juegos (a excepci\u00f3n de cuando el juego est\u00e9 en Acceso Anticipado) ni cualquier potencial DLC de dichos jegos.<\/li><\/ul>\t\t\t\t\t\t<\/div>\n\t\t\t\t<\/div>\n\t\t\t\t\t<\/div>\n\t\t<\/div>\n\t\t\t\t\t\t\t<\/div>\n\t\t<\/section>\n\t\t\t\t<section class=\"elementor-section elementor-top-section elementor-element elementor-element-a89878a elementor-section-content-middle elementor-section-boxed elementor-section-height-default elementor-section-height-default wd-section-disabled\" data-id=\"a89878a\" data-element_type=\"section\">\n\t\t\t\t\t\t<div class=\"elementor-container elementor-column-gap-default\">\n\t\t\t\t\t<div class=\"elementor-column elementor-col-100 elementor-top-column elementor-element elementor-element-7b663fe\" data-id=\"7b663fe\" data-element_type=\"column\">\n\t\t\t<div class=\"elementor-widget-wrap elementor-element-populated\">\n\t\t\t\t\t\t\t\t<div class=\"elementor-element elementor-element-fb13385 color-scheme-inherit text-left elementor-widget elementor-widget-text-editor\" data-id=\"fb13385\" data-element_type=\"widget\" data-widget_type=\"text-editor.default\">\n\t\t\t\t<div class=\"elementor-widget-container\">\n\t\t\t\t\t\t\t<p style=\"text-align: left;\">Te pedimos y recordamos que cuando uses nuestro contenido nos acredites adecuadamente, a Abylight como creador\/editora del contenido original y al juego en la plataforma que est\u00e1s compartiendo.<\/p><p style=\"text-align: left;\">El uso de nuestro contenido en videos ha de ser de naturaleza no commercial, es decir, no est\u00e1 permitido que cobres a los usuarios para ver o acceder al contenido de tus videos. Tampoco puedes vender o licenciar tus videos a terceros mediante el pago de cualquier tipo.<\/p><p style=\"text-align: left;\">Esta pol\u00edtica afecta solamente a contenido de Abylight. Si incluyes contenido de terceras personas deber\u00e1s contactarlas para pedirles permiso, ya sea m\u00fasica o videojuegos.<\/p>\t\t\t\t\t\t<\/div>\n\t\t\t\t<\/div>\n\t\t\t\t\t<\/div>\n\t\t<\/div>\n\t\t\t\t\t\t\t<\/div>\n\t\t<\/section>\n\t\t\t\t\t\t<\/div>\n\t\t\t\t\t<\/div>\n\t\t","protected":false},"excerpt":{"rendered":"<p>Pol\u00edtica de V\u00eddeo Animamos a todos (creadores de contenido, jugadores y otras personas de la comunidad) a que creen video<\/p>\n","protected":false},"author":23,"featured_media":41,"parent":0,"menu_order":0,"comment_status":"closed","ping_status":"closed","template":"","meta":[],"_links":{"self":[{"href":"https:\/\/abylight.com\/es\/wp-json\/wp\/v2\/pages\/81"}],"collection":[{"href":"https:\/\/abylight.com\/es\/wp-json\/wp\/v2\/pages"}],"about":[{"href":"https:\/\/abylight.com\/es\/wp-json\/wp\/v2\/types\/page"}],"author":[{"embeddable":true,"href":"https:\/\/abylight.com\/es\/wp-json\/wp\/v2\/users\/23"}],"replies":[{"embeddable":true,"href":"https:\/\/abylight.com\/es\/wp-json\/wp\/v2\/comments?post=81"}],"version-history":[{"count":0,"href":"https:\/\/abylight.com\/es\/wp-json\/wp\/v2\/pages\/81\/revisions"}],"wp:featuredmedia":[{"embeddable":true,"href":"https:\/\/abylight.com\/es\/wp-json\/wp\/v2\/media\/41"}],"wp:attachment":[{"href":"https:\/\/abylight.com\/es\/wp-json\/wp\/v2\/media?parent=81"}],"curies":[{"name":"wp","href":"https:\/\/api.w.org\/{rel}","templated":true}]}}